{"id":232,"date":"2025-05-12T15:44:47","date_gmt":"2025-05-12T15:44:47","guid":{"rendered":"https:\/\/jardinesdepazcancun.com\/?page_id=232"},"modified":"2025-09-13T02:26:52","modified_gmt":"2025-09-13T02:26:52","slug":"corporativo","status":"publish","type":"page","link":"https:\/\/jardinesdepazcancun.com\/en\/corporativo\/","title":{"rendered":"Corporate"},"content":{"rendered":"<div class=\"brz-root__container brz-reset-all brz brz-root__container-page\">\n<section id=\"d56eb36dcdb9bd4da7f3_cZcSq7InopFR\" class=\"brz-section brz-css-4ee6r2 brz-css-10ub27c\">\n<div class=\"brz-section__content brz-section--fullWidth brz-css-pvj1ba brz-css-1e8ctsp\" data-brz-custom-id=\"m1JQTHMMaL3t\">\n<div class=\"brz-bg\">\n<div class=\"brz-bg-color\"><\/div>\n<\/div>\n<div class=\"brz-container brz-css-fydkfw brz-css-obtxbw\">\n<div class=\"brz-row__container brz-css-1xq1kgl brz-css-1b4p3tq\" data-brz-custom-id=\"erCNKEZLwjWa\">\n<div class=\"brz-row brz-css-14x3qcp brz-css-eip8k2 brz-css-w1gaw1\">\n<div class=\"brz-columns brz-css-23mki2 brz-css-h739iw\" data-brz-custom-id=\"ytBo9qFeEnmX\">\n<div class=\"brz-column__items brz-css-f3l7z0 brz-css-1mbzs91\">\n<div id=\"\" class=\"brz-css-15gnq8r brz-css-1q226ht brz-wrapper\">\n<div class=\"brz-rich-text brz-rich-text__custom brz-css-1rktpt9 brz-css-mgz2og\" data-brz-custom-id=\"kXBFJtvglM64\">\n<div data-brz-translate-text=\"1\">\n<p data-generated-css=\"brz-css-xUrgu\" data-uniq-id=\"ytLY7\" class=\"brz-tp-lg-empty brz-ff-overpass brz-ft-google brz-fs-lg-18 brz-fss-lg-px brz-fw-lg-400 brz-ls-lg-0 brz-lh-lg-1_6 brz-vfw-lg-400 brz-fwdth-lg-100 brz-fsft-lg-0 brz-css-j1ZZe\"><strong class=\"brz-bold-true\">Employees are the most important part of a company. <\/strong><span>Offer them the opportunity to protect those they love the most.<\/span><\/p>\n<p data-generated-css=\"brz-css-xUrgu\" data-uniq-id=\"ytLY7\" class=\"brz-tp-lg-empty brz-ff-overpass brz-ft-google brz-fs-lg-18 brz-fss-lg-px brz-fw-lg-400 brz-ls-lg-0 brz-lh-lg-1_6 brz-vfw-lg-400 brz-fwdth-lg-100 brz-fsft-lg-0 brz-css-xWmg1\"><\/p>\n<p data-generated-css=\"brz-css-rspyJ\" data-uniq-id=\"gdHA3\" class=\"brz-tp-lg-empty brz-ff-overpass brz-ft-google brz-fs-lg-18 brz-fss-lg-px brz-fw-lg-400 brz-ls-lg-0 brz-lh-lg-1_6 brz-vfw-lg-400 brz-fwdth-lg-100 brz-fsft-lg-0 brz-css-vX_Fv\"><span>In <\/span><strong class=\"brz-bold-true\">Jardines de Paz<\/strong><span> we know that the constant search for more and better benefits for the employees of any company is a fundamental task of the Human Resources Department. A benefits package allows not only to retain talent but also to improve the employee's perception of the company where he\/she works and of his\/her community in general. <\/span><\/p>\n<p data-generated-css=\"brz-css-fV0YE\" data-uniq-id=\"miQ1a\" class=\"brz-tp-lg-empty brz-ff-overpass brz-ft-google brz-fs-lg-18 brz-fss-lg-px brz-fw-lg-400 brz-ls-lg-0 brz-lh-lg-1_6 brz-vfw-lg-400 brz-fwdth-lg-100 brz-fsft-lg-0 brz-css-faZWx\"><\/p>\n<p data-generated-css=\"brz-css-y9IB1\" data-uniq-id=\"fSrbO\" class=\"brz-tp-lg-empty brz-ff-overpass brz-ft-google brz-fs-lg-18 brz-fss-lg-px brz-fw-lg-400 brz-ls-lg-0 brz-lh-lg-1_6 brz-vfw-lg-400 brz-fwdth-lg-100 brz-fsft-lg-0 brz-css-h7RlG\"><span>With this in mind, <\/span><strong class=\"brz-bold-true\">Jardines de Paz<\/strong><span> offers employers a series of options that allow them to offer greater benefits to their personnel without increasing their costs. We have pension plans for executives, managers and collaborators.<\/span><\/p>\n<p data-generated-css=\"brz-css-faVoh\" data-uniq-id=\"oHlym\" class=\"brz-tp-lg-empty brz-ff-overpass brz-ft-google brz-fs-lg-18 brz-fss-lg-px brz-fw-lg-400 brz-ls-lg-0 brz-lh-lg-1_6 brz-vfw-lg-400 brz-fwdth-lg-100 brz-fsft-lg-0 brz-css-lWzEe\"><\/p>\n<p data-generated-css=\"brz-css-em45l\" data-uniq-id=\"aqWCu\" class=\"brz-tp-lg-empty brz-ff-overpass brz-ft-google brz-fs-lg-18 brz-fss-lg-px brz-fw-lg-400 brz-ls-lg-0 brz-lh-lg-1_6 brz-vfw-lg-400 brz-fwdth-lg-100 brz-fsft-lg-0 brz-css-t1oZ7\"><span>Contact us to schedule a visit and design a customized plan for your company.<\/span><\/p>\n<p data-generated-css=\"brz-css-wh9sB\" data-uniq-id=\"pBoQz\" class=\"brz-tp-lg-empty brz-ff-overpass brz-ft-google brz-fs-lg-18 brz-fss-lg-px brz-fw-lg-400 brz-ls-lg-0 brz-lh-lg-1_6 brz-vfw-lg-400 brz-fwdth-lg-100 brz-fsft-lg-0 brz-css-rN031\"><span>Tel. (998) 880 71 60<\/span><\/p>\n<\/div>\n<\/div>\n<\/div>\n<div id=\"\" class=\"brz-css-15gnq8r brz-css-5ekpuv brz-css-tgxgcf brz-wrapper\">\n<div class=\"brz-spacer brz-css-myh0cv brz-css-154wdqb\"><\/div>\n<\/div>\n<\/div>\n<\/div>\n<div class=\"brz-columns brz-css-23mki2 brz-css-tn01by\" data-brz-custom-id=\"sHBSjHpYQJYv\">\n<div class=\"brz-column__items brz-css-f3l7z0 brz-css-691tp3\">\n<div class=\"brz-row__container brz-css-1xq1kgl brz-css-1ve3tvp\" data-brz-custom-id=\"xQwYMtUZmsyP\">\n<div class=\"brz-row brz-row--inner brz-css-14x3qcp brz-css-eip8k2 brz-css-nh0pmf\">\n<div class=\"brz-columns brz-css-23mki2 brz-css-128j3tm\" data-brz-custom-id=\"na3N48CAV8D2\">\n<div class=\"brz-bg\">\n<div class=\"brz-bg-color\"><\/div>\n<\/div>\n<div class=\"brz-column__items brz-css-f3l7z0 brz-css-16meugv\">\n<div id=\"\" class=\"brz-css-15gnq8r brz-css-1vw2m62 brz-wrapper\">\n<div data-brz-form-version=\"2\" class=\"brz-forms2 brz-css-1xng61w brz-css-1kgkoj6\" data-brz-custom-id=\"p3zXbVTEhJsL\">\n<div data-brz-translate-text=\"1\" class=\"brz-forms2__item brz-css-155hoks brz-css-1x3phqp brz-css-1wrnvnb brz-css-1pzc2t2\"><label class=\"brz-label brz-forms2__field-label\" for=\"g3EvJTq1mBZe_268d44889f4eaa7d8f73\">Mail<\/label><\/div>\n<div data-brz-translate-text=\"1\" class=\"brz-forms2__item brz-css-155hoks brz-css-1x3phqp brz-css-1wrnvnb brz-css-1auflya\"><label class=\"brz-label brz-forms2__field-label\" for=\"oytmd4xx4qq1_ce95f13f31a9fbb23fde\">Phone<\/label><\/div>\n<div data-brz-translate-text=\"1\" class=\"brz-forms2__item brz-css-155hoks brz-css-1x3phqp brz-css-1wrnvnb brz-css-1iidqw9\"><label class=\"brz-label brz-forms2__field-label\" for=\"plr4VOaqxqBM_e6cd13df71a41e4c5582\">Message<\/label><textarea id=\"plr4VOaqxqBM_e6cd13df71a41e4c5582\" name=\"o3Z3s5lG3Xdb\" data-brz-type=\"Paragraph\" data-brz-label=\"Comentarios\" data-brz-placeholder=\"\" class=\"brz-textarea brz-forms2__field brz-forms2__field-paragraph\"><\/textarea><\/div>\n<div class=\"brz-forms2 brz-forms2__item brz-forms2__item-button\" data-brz-custom-id=\"p3zXbVTEhJsL\"><button class=\"brz-btn brz-btn-submit brz-css-1ffg294 brz-css-h2ymgn\" data-brz-custom-id=\"ir7gwIjNBBx7\"><span data-brz-translate-text=\"1\" class=\"brz-span brz-text__editor\">Send<\/span><\/button><\/div>\n<div class=\"brz-g-recaptcha\" data-sitekey=\"\" data-size=\"invisible\" data-callback=\"brzFormV2Captcha\"><\/div>\n<\/div>\n<\/div>\n<\/div>\n<\/div>\n<\/div>\n<\/div>\n<\/div>\n<\/div>\n<\/div>\n<\/div>\n<\/div>\n<\/div>\n<\/section>\n<\/div>\n<p>    <!-- version:1747666403 --><\/p>","protected":false},"excerpt":{"rendered":"<p>Los colaboradores son la parte m\u00e1s importante de una empresa. Ofr\u00e9zcales la oportunidad de proteger a quienes m\u00e1s aman. En Jardines de Paz sabemos que la constante b\u00fasqueda de m\u00e1s y mejores beneficios para los colaboradores de cualquier empresa es una labor primordial del Departamento de Recursos Humanos. Un paquete de beneficios permite no s\u00f3lo [&hellip;]<\/p>","protected":false},"author":1,"featured_media":0,"parent":0,"menu_order":0,"comment_status":"closed","ping_status":"closed","template":"brizy-blank-template.php","meta":{"footnotes":""},"class_list":["post-232","page","type-page","status-publish","hentry"],"blocksy_meta":[],"brizy_media":[],"_links":{"self":[{"href":"https:\/\/jardinesdepazcancun.com\/en\/wp-json\/wp\/v2\/pages\/232","targetHints":{"allow":["GET"]}}],"collection":[{"href":"https:\/\/jardinesdepazcancun.com\/en\/wp-json\/wp\/v2\/pages"}],"about":[{"href":"https:\/\/jardinesdepazcancun.com\/en\/wp-json\/wp\/v2\/types\/page"}],"author":[{"embeddable":true,"href":"https:\/\/jardinesdepazcancun.com\/en\/wp-json\/wp\/v2\/users\/1"}],"replies":[{"embeddable":true,"href":"https:\/\/jardinesdepazcancun.com\/en\/wp-json\/wp\/v2\/comments?post=232"}],"version-history":[{"count":13,"href":"https:\/\/jardinesdepazcancun.com\/en\/wp-json\/wp\/v2\/pages\/232\/revisions"}],"predecessor-version":[{"id":479,"href":"https:\/\/jardinesdepazcancun.com\/en\/wp-json\/wp\/v2\/pages\/232\/revisions\/479"}],"wp:attachment":[{"href":"https:\/\/jardinesdepazcancun.com\/en\/wp-json\/wp\/v2\/media?parent=232"}],"curies":[{"name":"wp","href":"https:\/\/api.w.org\/{rel}","templated":true}]}}