{"id":226,"date":"2025-05-09T15:59:49","date_gmt":"2025-05-09T15:59:49","guid":{"rendered":"https:\/\/jardinesdepazcancun.com\/?page_id=226"},"modified":"2025-09-13T14:20:12","modified_gmt":"2025-09-13T14:20:12","slug":"preguntas-frecuentes","status":"publish","type":"page","link":"https:\/\/jardinesdepazcancun.com\/en\/preguntas-frecuentes\/","title":{"rendered":"FAQ\u2019s"},"content":{"rendered":"<div class=\"brz-root__container brz-reset-all brz brz-root__container-page\">\n<section id=\"5b0b1efbc431f7681e31_kso9SjIcYlKE\" class=\"brz-section brz-css-1n7eyo8 brz-css-1nmois1\">\n<div class=\"brz-section__content brz-section--boxed brz-css-1chkyiu brz-css-9blxil\" data-brz-custom-id=\"yrSTcnnlu115\">\n<div class=\"brz-bg\">\n<div class=\"brz-bg-color\"><\/div>\n<\/div>\n<div class=\"brz-container brz-css-1guwqsf brz-css-z3r3ci\">\n<div class=\"brz-row__container brz-css-kw2mmu brz-css-1lida7d\" data-brz-custom-id=\"kC_xqtJYUDrf\">\n<div class=\"brz-row brz-css-8xosjr brz-css-t3vn06 brz-css-1x9cuns\">\n<div class=\"brz-columns brz-css-19uevg8 brz-css-1dbxivf\" data-brz-custom-id=\"nw9B3l8OUycW\">\n<div class=\"brz-column__items brz-css-eomuw2 brz-css-i4f816\">\n<div id=\"\" class=\"brz-css-vgh8j8 brz-css-t56111 brz-wrapper\">\n<div class=\"brz-rich-text brz-rich-text__custom brz-css-1pr21sw brz-css-1m5b32a\" data-brz-custom-id=\"vaNzn1GWA5du\">\n<div data-brz-translate-text=\"1\">\n<p data-generated-css=\"brz-css-yyFSj\" data-uniq-id=\"qZYeT\" class=\"brz-tp-lg-empty brz-ff-overpass brz-ft-google brz-fs-lg-16 brz-fss-lg-px brz-fw-lg-400 brz-ls-lg-0 brz-lh-lg-1_9 brz-vfw-lg-400 brz-fwdth-lg-100 brz-fsft-lg-0 brz-css-t__Wi\"><strong class=\"brz-bold-true\">What should I do when a death occurs? <\/strong><\/p>\n<p class=\"brz-tp-lg-paragraph brz-css-cIedl\" data-generated-css=\"brz-css-b3Wnc\" data-uniq-id=\"xU1FK\"><span>Contact a serious, professional funeral agency with a service of excellence such as Jardines de Paz.<\/span><\/p>\n<\/div>\n<\/div>\n<\/div>\n<div id=\"\" class=\"brz-css-vgh8j8 brz-css-1m76x3 brz-wrapper\">\n<div class=\"brz-rich-text brz-rich-text__custom brz-css-1pr21sw brz-css-1mhzh82\" data-brz-custom-id=\"mrhMCMoldFOH\">\n<div data-brz-translate-text=\"1\">\n<p class=\"brz-bcp-empty brz-tp-lg-empty brz-ff-overpass brz-ft-google brz-fs-lg-16 brz-fss-lg-px brz-fw-lg-400 brz-ls-lg-0 brz-lh-lg-1_9 brz-vfw-lg-400 brz-fwdth-lg-100 brz-fsft-lg-0 brz-css-br56c\" data-generated-css=\"brz-css-x23mC\" data-uniq-id=\"gCpeW\"><strong class=\"brz-bold-true\">How do I obtain a medical death certificate? <\/strong><\/p>\n<p class=\"brz-tp-lg-paragraph brz-bcp-empty brz-ff-lato brz-lh-lg-1_3 brz-ft-google brz-fs-lg-16 brz-fss-lg-px brz-fw-lg-400 brz-ls-lg-0 brz-vfw-lg-400 brz-fwdth-lg-100 brz-fsft-lg-0 brz-css-cgwj0\" data-generated-css=\"brz-css-tFK2_\" data-uniq-id=\"htGRJ\"><span>This document is issued by the hospital where the person died or by the physician responsible for the family member.<\/span><\/p>\n<\/div>\n<\/div>\n<\/div>\n<div id=\"\" class=\"brz-css-vgh8j8 brz-css-18l6snq brz-wrapper\">\n<div class=\"brz-rich-text brz-rich-text__custom brz-css-1pr21sw brz-css-1fxanjn\" data-brz-custom-id=\"eLxE9l3fPpyg\">\n<div data-brz-translate-text=\"1\">\n<p class=\"brz-bcp-empty brz-tp-lg-empty brz-ff-overpass brz-ft-google brz-fs-lg-16 brz-fss-lg-px brz-fw-lg-400 brz-ls-lg-0 brz-lh-lg-1_9 brz-vfw-lg-400 brz-fwdth-lg-100 brz-fsft-lg-0 brz-css-ptJUM\" data-generated-css=\"brz-css-tDOWM\" data-uniq-id=\"vsMSf\"><strong class=\"brz-bold-true\">How do I obtain the death certificate? <\/strong><\/p>\n<p class=\"brz-tp-lg-paragraph brz-bcp-empty brz-ff-lato brz-lh-lg-1_3 brz-ft-google brz-fs-lg-16 brz-fss-lg-px brz-fw-lg-400 brz-ls-lg-0 brz-vfw-lg-400 brz-fwdth-lg-100 brz-fsft-lg-0 brz-css-vCJt4\" data-generated-css=\"brz-css-kXihh\" data-uniq-id=\"xBtk9\"><span>In the Civil Registry, but do not worry, Jardines de Paz includes in its services the completion of this procedure.<\/span><\/p>\n<\/div>\n<\/div>\n<\/div>\n<div id=\"\" class=\"brz-css-vgh8j8 brz-css-iv8suj brz-wrapper\">\n<div class=\"brz-rich-text brz-rich-text__custom brz-css-1pr21sw brz-css-qoj1zc\" data-brz-custom-id=\"kD8fZt2gYh3Q\">\n<div data-brz-translate-text=\"1\">\n<p class=\"brz-bcp-empty brz-tp-lg-empty brz-ff-overpass brz-ft-google brz-fs-lg-16 brz-fss-lg-px brz-fw-lg-400 brz-ls-lg-0 brz-lh-lg-1_9 brz-vfw-lg-400 brz-fwdth-lg-100 brz-fsft-lg-0 brz-css-lCDe1\" data-generated-css=\"brz-css-aBvaL\" data-uniq-id=\"k0nQU\"><strong class=\"brz-bold-true\">What are the requirements for the transfer of a body? <\/strong><\/p>\n<p class=\"brz-tp-lg-paragraph brz-bcp-empty brz-ff-lato brz-lh-lg-1_3 brz-ft-google brz-fs-lg-16 brz-fss-lg-px brz-fw-lg-400 brz-ls-lg-0 brz-vfw-lg-400 brz-fwdth-lg-100 brz-fsft-lg-0 brz-css-pbWQ4\" data-generated-css=\"brz-css-v2qsa\" data-uniq-id=\"dr0ie\"><span>Have the following documentation: death certificate, transfer permits, embalming certificate.<\/span><\/p>\n<\/div>\n<\/div>\n<\/div>\n<div id=\"\" class=\"brz-css-vgh8j8 brz-css-1a37rcq brz-wrapper\">\n<div class=\"brz-rich-text brz-rich-text__custom brz-css-1pr21sw brz-css-qru7r1\" data-brz-custom-id=\"pVYUTn14XuRz\">\n<div data-brz-translate-text=\"1\">\n<p class=\"brz-bcp-empty brz-tp-lg-empty brz-ff-overpass brz-ft-google brz-fs-lg-16 brz-fss-lg-px brz-fw-lg-400 brz-ls-lg-0 brz-lh-lg-1_9 brz-vfw-lg-400 brz-fwdth-lg-100 brz-fsft-lg-0 brz-css-w1dc5\" data-generated-css=\"brz-css-yL7RZ\" data-uniq-id=\"k23QH\"><strong class=\"brz-bold-true\">What happens if the death occurs outside the city? <\/strong><\/p>\n<p class=\"brz-tp-lg-paragraph brz-bcp-empty brz-ff-lato brz-lh-lg-1_3 brz-ft-google brz-fs-lg-16 brz-fss-lg-px brz-fw-lg-400 brz-ls-lg-0 brz-vfw-lg-400 brz-fwdth-lg-100 brz-fsft-lg-0 brz-css-lGgrY\" data-generated-css=\"brz-css-suIwL\" data-uniq-id=\"hO5mq\"><span>It is necessary to hire a funeral home to provide the transfer. In Jardines de Paz we can offer the wake service in an allied funeral home in the interior of the country or make the transfer to a branch of the Gayosso Network.<\/span><\/p>\n<\/div>\n<\/div>\n<\/div>\n<div id=\"\" class=\"brz-css-vgh8j8 brz-css-1w4qw26 brz-wrapper\">\n<div class=\"brz-rich-text brz-rich-text__custom brz-css-1pr21sw brz-css-7ixcbx\" data-brz-custom-id=\"bg6f2MkB5oRe\">\n<div data-brz-translate-text=\"1\">\n<p class=\"brz-bcp-empty brz-tp-lg-empty brz-ff-overpass brz-ft-google brz-fs-lg-16 brz-fss-lg-px brz-fw-lg-400 brz-ls-lg-0 brz-lh-lg-1_9 brz-vfw-lg-400 brz-fwdth-lg-100 brz-fsft-lg-0 brz-css-uN5QG\" data-generated-css=\"brz-css-cijgt\" data-uniq-id=\"uUKoZ\"><strong class=\"brz-bold-true\">When is it necessary to embalm a body? <\/strong><\/p>\n<p class=\"brz-tp-lg-paragraph brz-bcp-empty brz-ff-lato brz-lh-lg-1_3 brz-ft-google brz-fs-lg-16 brz-fss-lg-px brz-fw-lg-400 brz-ls-lg-0 brz-vfw-lg-400 brz-fwdth-lg-100 brz-fsft-lg-0 brz-css-kpvuA\" data-generated-css=\"brz-css-pfFyb\" data-uniq-id=\"dEVWX\"><span>When moving to another city or country, for the wake service and to preserve the body in the best conditions.<\/span><\/p>\n<\/div>\n<\/div>\n<\/div>\n<\/div>\n<\/div>\n<div class=\"brz-columns brz-css-19uevg8 brz-css-1jb3t0w\" data-brz-custom-id=\"ilzmoHHipIMu\">\n<div class=\"brz-column__items brz-css-eomuw2 brz-css-1ldzc3a\">\n<div id=\"\" class=\"brz-css-vgh8j8 brz-css-1cckrd4 brz-wrapper\">\n<div class=\"brz-rich-text brz-rich-text__custom brz-css-1pr21sw brz-css-q4m7qe\" data-brz-custom-id=\"hBoko0UXpblG\">\n<div data-brz-translate-text=\"1\">\n<p data-generated-css=\"brz-css-z6YS2\" data-uniq-id=\"iUTvP\" class=\"brz-tp-lg-empty brz-ff-overpass brz-ft-google brz-fs-lg-16 brz-fss-lg-px brz-fw-lg-400 brz-ls-lg-0 brz-lh-lg-1_9 brz-vfw-lg-400 brz-fwdth-lg-100 brz-fsft-lg-0 brz-css-rqd7k\"><strong class=\"brz-bold-true\">Can only the ashes be veiled? <\/strong><\/p>\n<p class=\"brz-tp-lg-paragraph brz-css-mbjrJ\" data-generated-css=\"brz-css-iSLrK\" data-uniq-id=\"jerK7\"><span>If the family wishes it can be done.<\/span><\/p>\n<\/div>\n<\/div>\n<\/div>\n<div id=\"\" class=\"brz-css-vgh8j8 brz-css-1wt8xkz brz-wrapper\">\n<div class=\"brz-rich-text brz-rich-text__custom brz-css-1pr21sw brz-css-12if5tv\" data-brz-custom-id=\"yl1T01byKWTO\">\n<div data-brz-translate-text=\"1\">\n<p class=\"brz-bcp-empty brz-tp-lg-paragraph brz-ff-lato brz-lh-lg-1_3 brz-ft-google brz-fs-lg-16 brz-fss-lg-px brz-fw-lg-400 brz-ls-lg-0 brz-vfw-lg-400 brz-fwdth-lg-100 brz-fsft-lg-0 brz-css-eI1W8\" data-generated-css=\"brz-css-ahJcg\" data-uniq-id=\"eVlRu\"><strong>What is the difference between an official death and a natural death?<\/strong><\/p>\n<p class=\"brz-tp-lg-paragraph brz-bcp-empty brz-ff-lato brz-lh-lg-1_3 brz-ft-google brz-fs-lg-16 brz-fss-lg-px brz-fw-lg-400 brz-ls-lg-0 brz-vfw-lg-400 brz-fwdth-lg-100 brz-fsft-lg-0 brz-css-aHgae\" data-generated-css=\"brz-css-jayWC\" data-uniq-id=\"v0DZh\"><span>Official death is when the police department must intervene due to the circumstances of the death. Natural death is when just a medical certificate with the cause of death is needed to issue the death certificate.<\/span><\/p>\n<\/div>\n<\/div>\n<\/div>\n<div id=\"\" class=\"brz-css-vgh8j8 brz-css-cmxjdi brz-wrapper\">\n<div class=\"brz-rich-text brz-rich-text__custom brz-css-1pr21sw brz-css-1cfya66\" data-brz-custom-id=\"m0ikY0PbCxxD\">\n<div data-brz-translate-text=\"1\">\n<p class=\"brz-bcp-empty brz-tp-lg-empty brz-ff-overpass brz-ft-google brz-fs-lg-16 brz-fss-lg-px brz-fw-lg-400 brz-ls-lg-0 brz-lh-lg-1_9 brz-vfw-lg-400 brz-fwdth-lg-100 brz-fsft-lg-0 brz-css-gGkIe\" data-uniq-id=\"l0NjA\" data-generated-css=\"brz-css-czKI6\"><strong class=\"brz-bold-true\">Can I keep the ashes or I have to dispose of them? <\/strong><\/p>\n<p class=\"brz-tp-lg-paragraph brz-fsft-lg-0 brz-fwdth-lg-100 brz-vfw-lg-400 brz-ls-lg-0 brz-fw-lg-400 brz-fss-lg-px brz-fs-lg-16 brz-ft-google brz-lh-lg-1_3 brz-ff-lato brz-bcp-empty brz-css-zxraA\" data-uniq-id=\"tr9rG\" data-generated-css=\"brz-css-jDf3N\"><span>There are no restrictions on ashes and you can decide what to do with them.<\/span><\/p>\n<\/div>\n<\/div>\n<\/div>\n<div id=\"\" class=\"brz-css-vgh8j8 brz-css-cuj3jq brz-wrapper\">\n<div class=\"brz-rich-text brz-rich-text__custom brz-css-1pr21sw brz-css-s7cutw\" data-brz-custom-id=\"pZTiZxNDSiWX\">\n<div data-brz-translate-text=\"1\">\n<p class=\"brz-bcp-empty brz-tp-lg-empty brz-ff-overpass brz-ft-google brz-fs-lg-16 brz-fss-lg-px brz-fw-lg-400 brz-ls-lg-0 brz-lh-lg-1_9 brz-vfw-lg-400 brz-fwdth-lg-100 brz-fsft-lg-0 brz-css-w3dlW\" data-uniq-id=\"m1EIL\" data-generated-css=\"brz-css-z2wIb\"><strong class=\"brz-bold-true\">What kind of cemeteries are there in Canc\u00fan and how many are there? <\/strong><\/p>\n<p class=\"brz-tp-lg-paragraph brz-fsft-lg-0 brz-fwdth-lg-100 brz-vfw-lg-400 brz-ls-lg-0 brz-fw-lg-400 brz-fss-lg-px brz-fs-lg-16 brz-ft-google brz-lh-lg-1_3 brz-ff-lato brz-bcp-empty brz-css-fS987\" data-uniq-id=\"gUIlv\" data-generated-css=\"brz-css-nFNI7\"><span>In Canc\u00fan there are two cemeteries, one belongs to Jardines de Paz and the other one is public.<\/span><\/p>\n<\/div>\n<\/div>\n<\/div>\n<div id=\"\" class=\"brz-css-vgh8j8 brz-css-180v8b4 brz-wrapper\">\n<div class=\"brz-rich-text brz-rich-text__custom brz-css-1pr21sw brz-css-vn37z1\" data-brz-custom-id=\"eOwodZNj5RB8\">\n<div data-brz-translate-text=\"1\">\n<p class=\"brz-bcp-empty brz-tp-lg-empty brz-ff-overpass brz-ft-google brz-fs-lg-16 brz-fss-lg-px brz-fw-lg-400 brz-ls-lg-0 brz-lh-lg-1_9 brz-vfw-lg-400 brz-fwdth-lg-100 brz-fsft-lg-0 brz-css-n2X9S\" data-uniq-id=\"hEKRG\" data-generated-css=\"brz-css-oIAC4\"><span>\u00bf<\/span><strong class=\"brz-bold-true\">What Gayosso Network benefits do I get by hiring Jardines de Paz? <\/strong><\/p>\n<p class=\"brz-tp-lg-paragraph brz-fsft-lg-0 brz-fwdth-lg-100 brz-vfw-lg-400 brz-ls-lg-0 brz-fw-lg-400 brz-fss-lg-px brz-fs-lg-16 brz-ft-google brz-lh-lg-1_3 brz-ff-lato brz-bcp-empty brz-css-yRt59\" data-uniq-id=\"asWNf\" data-generated-css=\"brz-css-jBdCy\"><span><span class=\"ql-cursor\"><\/span>The highest quality service and facility.<\/span><\/p>\n<\/div>\n<\/div>\n<\/div>\n<\/div>\n<\/div>\n<\/div>\n<\/div>\n<\/div>\n<\/div>\n<\/section>\n<\/div>\n<p>    <!-- version:1747666292 --><\/p>","protected":false},"excerpt":{"rendered":"<p>\u00bfQu\u00e9 debo hacer cuando ocurra un deceso? Ponerse en contacto con una agencia funeraria seria, profesional y con un servicio de excelencia como Jardines de Paz. \u00bfC\u00f3mo se obtiene el certificado m\u00e9dico de defunci\u00f3n? Este documento lo extiende el hospital donde falleci\u00f3 la persona o el m\u00e9dico responsable de su familiar. \u00bfC\u00f3mo obtengo el acta [&hellip;]<\/p>","protected":false},"author":1,"featured_media":0,"parent":0,"menu_order":0,"comment_status":"closed","ping_status":"closed","template":"brizy-blank-template.php","meta":{"footnotes":""},"class_list":["post-226","page","type-page","status-publish","hentry"],"blocksy_meta":[],"brizy_media":[],"_links":{"self":[{"href":"https:\/\/jardinesdepazcancun.com\/en\/wp-json\/wp\/v2\/pages\/226","targetHints":{"allow":["GET"]}}],"collection":[{"href":"https:\/\/jardinesdepazcancun.com\/en\/wp-json\/wp\/v2\/pages"}],"about":[{"href":"https:\/\/jardinesdepazcancun.com\/en\/wp-json\/wp\/v2\/types\/page"}],"author":[{"embeddable":true,"href":"https:\/\/jardinesdepazcancun.com\/en\/wp-json\/wp\/v2\/users\/1"}],"replies":[{"embeddable":true,"href":"https:\/\/jardinesdepazcancun.com\/en\/wp-json\/wp\/v2\/comments?post=226"}],"version-history":[{"count":14,"href":"https:\/\/jardinesdepazcancun.com\/en\/wp-json\/wp\/v2\/pages\/226\/revisions"}],"predecessor-version":[{"id":478,"href":"https:\/\/jardinesdepazcancun.com\/en\/wp-json\/wp\/v2\/pages\/226\/revisions\/478"}],"wp:attachment":[{"href":"https:\/\/jardinesdepazcancun.com\/en\/wp-json\/wp\/v2\/media?parent=226"}],"curies":[{"name":"wp","href":"https:\/\/api.w.org\/{rel}","templated":true}]}}