{"id":205,"date":"2025-05-07T17:15:26","date_gmt":"2025-05-07T17:15:26","guid":{"rendered":"https:\/\/jardinesdepazcancun.com\/?page_id=205"},"modified":"2025-09-12T22:44:56","modified_gmt":"2025-09-12T22:44:56","slug":"prevision","status":"publish","type":"page","link":"https:\/\/jardinesdepazcancun.com\/en\/prevision\/","title":{"rendered":"Planning"},"content":{"rendered":"<div class=\"brz-root__container brz-reset-all brz brz-root__container-page\">\n<section id=\"089d9bd15d34b3eda53f_djNVKQatB9Wg\" class=\"brz-section brz-css-1arp35s brz-css-15xk6to\">\n<div class=\"brz-section__content brz-section--boxed brz-css-mqqkeh brz-css-1rlhqso\" data-brz-custom-id=\"smyygnGJKsQj\">\n<div class=\"brz-bg\">\n<div class=\"brz-bg-image\"><\/div>\n<div class=\"brz-bg-color\"><\/div>\n<\/div>\n<div class=\"brz-container brz-css-sgydcn brz-css-o16ksk\">\n<div id=\"\" class=\"brz-css-czpfzk brz-css-1e8fb1u brz-wrapper\">\n<div class=\"brz-rich-text brz-rich-text__custom brz-css-1tf98gb brz-css-105lwjm\" data-brz-custom-id=\"zAy47Ij9HVAK\">\n<div data-brz-translate-text=\"1\">\n<p class=\"brz-fsft-lg-0 brz-fwdth-lg-100 brz-vfw-lg-400 brz-lh-lg-1_9 brz-ls-lg-0 brz-fw-lg-400 brz-fss-lg-px brz-fs-lg-100 brz-ft-google brz-ff-prata brz-tp-lg-empty brz-text-lg-center brz-tp-xs-empty brz-fs-xs-40 brz-fss-xs-px brz-fw-xs-400 brz-ls-xs-0 brz-lh-xs-1_9 brz-vfw-xs-400 brz-fwdth-xs-100 brz-fsft-xs-0 brz-css-sWnds\" data-uniq-id=\"tnGtf\" data-generated-css=\"brz-css-i0Iqj\"><em class=\"brz-italic-true\">Since 1986<\/em><\/p>\n<\/div>\n<\/div>\n<\/div>\n<\/div>\n<\/div>\n<\/section>\n<section id=\"e077789a3b99143752e9_aLoKCWtX8yif\" class=\"brz-section brz-css-1arp35s brz-css-9yvse2\">\n<div class=\"brz-section__content brz-section--boxed brz-css-mqqkeh brz-css-uokj72\" data-brz-custom-id=\"i40EtnfUuCpQ\">\n<div class=\"brz-container brz-css-sgydcn brz-css-1ddvdhj\">\n<div class=\"brz-row__container brz-css-4gbprq brz-css-d7txbj\" data-brz-custom-id=\"v2EN1yjVaKFI\">\n<div class=\"brz-row brz-css-wq9ado brz-css-xtg7n0 brz-css-fot9xe\">\n<div class=\"brz-columns brz-css-1tnijjc brz-css-1wzqgj9\" data-brz-custom-id=\"yr8hi4OmlzxK\">\n<div class=\"brz-column__items brz-css-5d482z brz-css-13ukf0g\">\n<div id=\"\" class=\"brz-css-czpfzk brz-css-u67g17 brz-wrapper\">\n<div class=\"brz-image brz-css-1l3lm6s brz-css-59b6yo\" data-brz-custom-id=\"e5zmRgILwgz9\"><img decoding=\"async\" class=\"brz-img\" src=\"https:\/\/jardinesdepazcancun.com\/wp-content\/uploads\/2025\/05\/PREVISION_768_768_PX.jpg\" alt=\"\" title=\"PREVISION_768_768_PX\" loading=\"lazy\"><\/div>\n<\/div>\n<div class=\"brz-row__container brz-css-4gbprq brz-css-85q6sn\" data-brz-custom-id=\"f0KFnOVfE8id\">\n<div class=\"brz-row brz-row--inner brz-css-wq9ado brz-css-xtg7n0 brz-css-1v9a1w7\">\n<div class=\"brz-columns brz-css-1tnijjc brz-css-1f11o81\" data-brz-custom-id=\"iMMRb95AX8Ua\">\n<div class=\"brz-column__items brz-css-5d482z brz-css-1dqawky\">\n<div class=\"brz-wrapper-clone brz-flex-xs-wrap brz-css-18e456x brz-css-q76psd\" data-brz-custom-id=\"slYIcO9Fxlw0\"><a class=\"brz-a brz-btn brz-css-1xq7wuj brz-css-780t4m brz-css-1xfamw8 brz-css-rizagh\" href=\"\" target=\"_self\" rel=\"noopener\" data-brz-link-type=\"page\" data-brz-custom-id=\"m9wHGnGhfFYw\"><span data-brz-translate-text=\"1\" class=\"brz-span brz-text__editor\">9981882216<\/span><\/a><\/div>\n<\/div>\n<\/div>\n<div class=\"brz-columns brz-css-1tnijjc brz-css-c1sop9\" data-brz-custom-id=\"c21v9N1Q0UiC\">\n<div class=\"brz-column__items brz-css-5d482z brz-css-15x1t8e\">\n<div class=\"brz-wrapper-clone brz-flex-xs-wrap brz-css-18e456x brz-css-iw3hyv\" data-brz-custom-id=\"q_RzluzyAHKe\"><a class=\"brz-a brz-btn brz-css-1xq7wuj brz-css-1hq34w5 brz-css-1xfamw8 brz-css-14t5won\" href=\"\" target=\"_self\" rel=\"noopener\" data-brz-link-type=\"page\" data-brz-custom-id=\"uJ4KAghsdalm\"><span data-brz-translate-text=\"1\" class=\"brz-span brz-text__editor\">9988807160<\/span><\/a><\/div>\n<\/div>\n<\/div>\n<\/div>\n<\/div>\n<\/div>\n<\/div>\n<div class=\"brz-columns brz-css-1tnijjc brz-css-1nhchm0\" data-brz-custom-id=\"iaOssPxVqMTl\">\n<div class=\"brz-column__items brz-css-5d482z brz-css-5fz0tx\">\n<div class=\"brz-row__container brz-css-4gbprq brz-css-17f3rwi\" data-brz-custom-id=\"fZQ7ZM6KLH5m\">\n<div class=\"brz-row brz-row--inner brz-css-wq9ado brz-css-xtg7n0 brz-css-sp8p2r\">\n<div class=\"brz-columns brz-css-1tnijjc brz-css-19rf7q8\" data-brz-custom-id=\"zbxDvOk8MZb4\">\n<div class=\"brz-column__items brz-css-5d482z brz-css-rtomsm\">\n<div id=\"\" class=\"brz-css-czpfzk brz-css-1r85hxm brz-wrapper\">\n<div class=\"brz-image brz-css-1drxmtl brz-css-1s76trr\" data-brz-custom-id=\"gTOLb3kWCvTX\"><img decoding=\"async\" class=\"brz-img\" src=\"https:\/\/jardinesdepazcancun.com\/wp-content\/uploads\/2025\/05\/icono-obituario.png\" alt=\"\" title=\"icono-obituario\" loading=\"lazy\"><\/div>\n<\/div>\n<\/div>\n<\/div>\n<div class=\"brz-columns brz-css-1tnijjc brz-css-gy1w9a\" data-brz-custom-id=\"rX0mWQhGvq5N\">\n<div class=\"brz-column__items brz-css-5d482z brz-css-psyulr\">\n<div id=\"\" class=\"brz-css-czpfzk brz-css-1l9s2no brz-wrapper\">\n<div class=\"brz-rich-text brz-rich-text__custom brz-css-1tf98gb brz-css-5v4bcs\" data-brz-custom-id=\"jaO2yzgxV3ep\">\n<div data-brz-translate-text=\"1\">\n<p class=\"brz-fsft-lg-0 brz-fwdth-lg-100 brz-vfw-lg-400 brz-lh-lg-1_9 brz-ls-lg-0 brz-fw-lg-400 brz-fss-lg-px brz-fs-lg-50 brz-ft-google brz-ff-prata brz-tp-lg-empty brz-tp-xs-empty brz-fs-xs-35 brz-fss-xs-px brz-fw-xs-400 brz-ls-xs-0 brz-lh-xs-1_9 brz-vfw-xs-400 brz-fwdth-xs-100 brz-fsft-xs-0 brz-css-nNVJR\" data-generated-css=\"brz-css-m3gSf\" data-uniq-id=\"wABy8\"><em class=\"brz-uppercase-true brz-capitalize-on brz-italic-true brz-cp-color7\">Planning<\/em><\/p>\n<\/div>\n<\/div>\n<\/div>\n<\/div>\n<\/div>\n<\/div>\n<\/div>\n<div id=\"\" class=\"brz-css-czpfzk brz-css-86tger brz-wrapper\">\n<div class=\"brz-rich-text brz-rich-text__custom brz-css-1tf98gb brz-css-omy6yt\" data-brz-custom-id=\"wRGuSUhhmJfW\">\n<div data-brz-translate-text=\"1\">\n<p class=\"brz-tp-lg-paragraph brz-css-ualwv\" data-uniq-id=\"b7X5N\" data-generated-css=\"brz-css-qZDgT\"><span class=\"brz-cp-color7\">Today is a good time to plan for the inevitable and live with the peace of mind that you will inherit protection and affection for those you love the most.<\/span><\/p>\n<p data-uniq-id=\"b7X5N\" data-generated-css=\"brz-css-qZDgT\" class=\"brz-tp-lg-paragraph brz-css-lb3My\"><\/p>\n<p class=\"brz-tp-lg-paragraph brz-css-p_boZ\" data-uniq-id=\"b7X5N\" data-generated-css=\"brz-css-qZDgT\"><span class=\"brz-cp-color7\">Payment options: 6, 12, 18 and 24 months with any form of payment. <\/span><\/p>\n<p class=\"brz-tp-lg-paragraph brz-css-agw3U\" data-uniq-id=\"b7X5N\" data-generated-css=\"brz-css-qZDgT\"><span class=\"brz-cp-color7\"> <\/span><\/p>\n<\/div>\n<\/div>\n<\/div>\n<div class=\"brz-row__container brz-css-4gbprq brz-css-kke6cb\" data-brz-custom-id=\"yHhF4FY0MZfX\">\n<div class=\"brz-row brz-row--inner brz-css-wq9ado brz-css-xtg7n0 brz-css-15or2rh\">\n<div class=\"brz-columns brz-css-1tnijjc brz-css-q6a17h\" data-brz-custom-id=\"t2XPC3QL_kcV\">\n<div class=\"brz-column__items brz-css-5d482z brz-css-14pj9iu\">\n<div id=\"\" class=\"brz-css-czpfzk brz-css-138gcn5 brz-wrapper\">\n<div class=\"brz-image brz-css-1uhuxiy brz-css-4c6p8x\" data-brz-custom-id=\"fDb2eRNIDoCa\"><img decoding=\"async\" class=\"brz-img\" src=\"https:\/\/jardinesdepazcancun.com\/wp-content\/uploads\/2025\/05\/PREVISION_TRANSFERIBLE_380_225_1.png\" alt=\"\" title=\"PREVISION_TRANSFERIBLE_380_225_1\" loading=\"lazy\"><\/div>\n<\/div>\n<div id=\"\" class=\"brz-css-czpfzk brz-css-rbr8wb brz-wrapper\">\n<div class=\"brz-rich-text brz-rich-text__custom brz-css-1tf98gb brz-css-6t5hbj\" data-brz-custom-id=\"xkaKuv3QzU8T\">\n<div data-brz-translate-text=\"1\">\n<p class=\"brz-tp-lg-paragraph brz-text-lg-center brz-css-wZh8A\" data-generated-css=\"brz-css-dJV7G\" data-uniq-id=\"uxP50\"><span class=\"brz-cp-color7\">100% transferable<\/span><\/p>\n<\/div>\n<\/div>\n<\/div>\n<\/div>\n<\/div>\n<div class=\"brz-columns brz-css-1tnijjc brz-css-1f8izui\" data-brz-custom-id=\"f7DeheTeOMMB\">\n<div class=\"brz-column__items brz-css-5d482z brz-css-15r28hu\">\n<div id=\"\" class=\"brz-css-czpfzk brz-css-1kj2nvn brz-wrapper\">\n<div class=\"brz-image brz-css-6c7ssk brz-css-79vmd\" data-brz-custom-id=\"nTjeiYU1gFv_\"><img decoding=\"async\" class=\"brz-img\" src=\"https:\/\/jardinesdepazcancun.com\/wp-content\/uploads\/2025\/05\/PREVISION_GAYOSSO_380_225_2.png\" alt=\"\" title=\"PREVISION_GAYOSSO_380_225_2\" loading=\"lazy\"><\/div>\n<\/div>\n<div id=\"\" class=\"brz-css-czpfzk brz-css-1yu3rl7 brz-wrapper\">\n<div class=\"brz-rich-text brz-rich-text__custom brz-css-1tf98gb brz-css-1a74gd3\" data-brz-custom-id=\"mQsbq8QoAMDV\">\n<div data-brz-translate-text=\"1\">\n<p class=\"brz-tp-lg-paragraph brz-text-lg-center brz-css-eFY8f\" data-uniq-id=\"gf6dt\" data-generated-css=\"brz-css-sugD3\"><span class=\"brz-cp-color7\">Gayosso Network Service Guarantee<\/span><\/p>\n<\/div>\n<\/div>\n<\/div>\n<\/div>\n<\/div>\n<div class=\"brz-columns brz-css-1tnijjc brz-css-1wta370\" data-brz-custom-id=\"l_fzjV5yndJX\">\n<div class=\"brz-column__items brz-css-5d482z brz-css-16znkmb\">\n<div id=\"\" class=\"brz-css-czpfzk brz-css-1vr5vz8 brz-wrapper\">\n<div class=\"brz-image brz-css-1b696l2 brz-css-11btjws\" data-brz-custom-id=\"iPdXkIukACWF\"><img decoding=\"async\" class=\"brz-img\" src=\"https:\/\/jardinesdepazcancun.com\/wp-content\/uploads\/2025\/05\/PREVISION_VITALICIOS_380_225_3.png\" alt=\"\" title=\"PREVISION_VITALICIOS_380_225_3\" loading=\"lazy\"><\/div>\n<\/div>\n<div id=\"\" class=\"brz-css-czpfzk brz-css-bsws3i brz-wrapper\">\n<div class=\"brz-rich-text brz-rich-text__custom brz-css-1tf98gb brz-css-8jsaxw\" data-brz-custom-id=\"wWuLU3npoLl1\">\n<div data-brz-translate-text=\"1\">\n<p class=\"brz-tp-lg-paragraph brz-text-lg-center brz-css-coEb5\" data-uniq-id=\"vDAt9\" data-generated-css=\"brz-css-zgylP\"><span class=\"brz-cp-color7\">Lifetime<\/span><\/p>\n<\/div>\n<\/div>\n<\/div>\n<\/div>\n<\/div>\n<\/div>\n<\/div>\n<\/div>\n<\/div>\n<\/div>\n<\/div>\n<\/div>\n<\/div>\n<\/section>\n<\/div>\n<p>    <!-- version:1747667262 --><\/p>","protected":false},"excerpt":{"rendered":"<p>Desde 1986 9981882216 9988807160 Previsi\u00f3n Hoy es un buen momento para planear lo inevitable y vivir con la tranquilidad de que heredar\u00e1 protecci\u00f3n y cari\u00f1o a quienes m\u00e1s ama. Opciones de pago 6, 12, 18 y 24 meses con cualquier forma de pago 100% transferibles Garant\u00eda de servicio Red Gayosso Vitalicios<\/p>","protected":false},"author":1,"featured_media":0,"parent":0,"menu_order":0,"comment_status":"closed","ping_status":"closed","template":"brizy-blank-template.php","meta":{"footnotes":""},"class_list":["post-205","page","type-page","status-publish","hentry"],"blocksy_meta":[],"brizy_media":[{"id":110,"url":"https:\/\/jardinesdepazcancun.com\/wp-content\/uploads\/2025\/05\/icono-obituario.png","name":"icono-obituario.png","meta":{"brizy_attachment_uid":"wp-788850ff0e8b4a1af7950440c600395f.png","brizy_post_uid":["1eb336d820fbc8946e4766e5e0ce4b53","b399b4d95ef73ed4e60f6c3f51757cbc"]}},{"id":209,"url":"https:\/\/jardinesdepazcancun.com\/wp-content\/uploads\/2025\/05\/IMAGEN_PRINCIPAL_1920_1000_PX-1.jpg","name":"IMAGEN_PRINCIPAL_1920_1000_PX-1.jpg","meta":{"brizy_attachment_uid":"wp-3566459b3e845a4cda965159c5028983.jpg","brizy_post_uid":["b399b4d95ef73ed4e60f6c3f51757cbc"]}},{"id":214,"url":"https:\/\/jardinesdepazcancun.com\/wp-content\/uploads\/2025\/05\/PREVISION_768_768_PX.jpg","name":"PREVISION_768_768_PX.jpg","meta":{"brizy_attachment_uid":"wp-cda01291d1df29234202c151455c7f2b.jpg","brizy_post_uid":["b399b4d95ef73ed4e60f6c3f51757cbc"]}},{"id":217,"url":"https:\/\/jardinesdepazcancun.com\/wp-content\/uploads\/2025\/05\/PREVISION_VITALICIOS_380_225_3.png","name":"PREVISION_VITALICIOS_380_225_3.png","meta":{"brizy_attachment_uid":"wp-34479a685137f483a6378763cac98996.png","brizy_post_uid":["b399b4d95ef73ed4e60f6c3f51757cbc"]}},{"id":218,"url":"https:\/\/jardinesdepazcancun.com\/wp-content\/uploads\/2025\/05\/PREVISION_TRANSFERIBLE_380_225_1.png","name":"PREVISION_TRANSFERIBLE_380_225_1.png","meta":{"brizy_attachment_uid":"wp-bed05cbf3c51bf15f849de11fa6e114e.png","brizy_post_uid":["b399b4d95ef73ed4e60f6c3f51757cbc"]}},{"id":220,"url":"https:\/\/jardinesdepazcancun.com\/wp-content\/uploads\/2025\/05\/PREVISION_GAYOSSO_380_225_2.png","name":"PREVISION_GAYOSSO_380_225_2.png","meta":{"brizy_attachment_uid":"wp-1eb58a9fa9650568a555cd98d7464ea9.png","brizy_post_uid":["b399b4d95ef73ed4e60f6c3f51757cbc"]}}],"_links":{"self":[{"href":"https:\/\/jardinesdepazcancun.com\/en\/wp-json\/wp\/v2\/pages\/205","targetHints":{"allow":["GET"]}}],"collection":[{"href":"https:\/\/jardinesdepazcancun.com\/en\/wp-json\/wp\/v2\/pages"}],"about":[{"href":"https:\/\/jardinesdepazcancun.com\/en\/wp-json\/wp\/v2\/types\/page"}],"author":[{"embeddable":true,"href":"https:\/\/jardinesdepazcancun.com\/en\/wp-json\/wp\/v2\/users\/1"}],"replies":[{"embeddable":true,"href":"https:\/\/jardinesdepazcancun.com\/en\/wp-json\/wp\/v2\/comments?post=205"}],"version-history":[{"count":13,"href":"https:\/\/jardinesdepazcancun.com\/en\/wp-json\/wp\/v2\/pages\/205\/revisions"}],"predecessor-version":[{"id":489,"href":"https:\/\/jardinesdepazcancun.com\/en\/wp-json\/wp\/v2\/pages\/205\/revisions\/489"}],"wp:attachment":[{"href":"https:\/\/jardinesdepazcancun.com\/en\/wp-json\/wp\/v2\/media?parent=205"}],"curies":[{"name":"wp","href":"https:\/\/api.w.org\/{rel}","templated":true}]}}